{"id":57,"date":"2022-03-07T10:46:26","date_gmt":"2022-03-07T10:46:26","guid":{"rendered":"https:\/\/institut33.at\/?page_id=57"},"modified":"2022-03-15T20:29:01","modified_gmt":"2022-03-15T20:29:01","slug":"impressum","status":"publish","type":"page","link":"https:\/\/institut33.at\/?page_id=57","title":{"rendered":"Impressum"},"content":{"rendered":"<div id=\"pl-57\"  class=\"panel-layout\" ><div id=\"pg-57-0\"  class=\"panel-grid panel-no-style\" ><div id=\"pgc-57-0-0\"  class=\"panel-grid-cell\" ><div id=\"panel-57-0-0-0\" class=\"so-panel widget widget_sow-editor panel-first-child panel-last-child\" data-index=\"0\" ><div class=\"so-widget-sow-editor so-widget-sow-editor-base\">\n<div class=\"siteorigin-widget-tinymce textwidget\">\n\t<h2><span style=\"color: #000080;\">Impressum<\/span><\/h2>\n<p>&nbsp;<\/p>\n<p><span style=\"color: #000080;\">Impressum \/ Offenlegung gem\u00e4\u00df \u00a725 Mediengesetz<\/span><\/p>\n<p><span style=\"color: #000080;\">Name\/Firma: C\u00e4cilia Brodesser<\/span><\/p>\n<p><span style=\"color: #000080;\">Sitz: W\u00f6llersdorf 11, 3053 Laaben, N\u00d6.<\/span><br \/>\n<span style=\"color: #000080;\">Telefon: 06641508351<\/span><\/p>\n<p><span style=\"color: #000080;\">T\u00e4tigkeitsbereich: Vortr\u00e4ge, Workshops und Kurse in den Bereichen<\/span><br \/>\n<span style=\"color: #000080;\">P\u00e4dagogik, Energiearbeit und Bewusstseinsschulung<\/span><\/p>\n<p><span style=\"color: #000080;\">Im Hinblick auf die technischen Eigenschaften des Internet kann keine Gew\u00e4hr f\u00fcr die Authentizit\u00e4t, Richtigkeit und Vollst\u00e4ndigkeit der im Internet zur Verf\u00fcgung gestellten Informationen \u00fcbernommen werden. Es wird auch keine Gew\u00e4hr f\u00fcr die Verf\u00fcgbarkeit oder den Betrieb der gegenst\u00e4ndlichen Homepage und ihrer Inhalte \u00fcbernommen.<\/span><\/p>\n<p><span style=\"color: #000080;\">Der Inhalt dieser Homepage ist urheberrechtlich gesch\u00fctzt. Die Informationen sind nur f\u00fcr die pers\u00f6nliche Verwendung bestimmt. Hyperlinks auf das Angebot von\u00a0www.institut33.at\u00a0 sind willkommen.<\/span><\/p>\n<\/div>\n<\/div><\/div><\/div><\/div><\/div>","protected":false},"excerpt":{"rendered":"<p>Impressum &nbsp; Impressum \/ Offenlegung gem\u00e4\u00df \u00a725 Mediengesetz Name\/Firma: C\u00e4cilia Brodesser Sitz: W\u00f6llersdorf 11, 3053 Laaben, N\u00d6. Telefon: 06641508351 T\u00e4tigkeitsbereich: Vortr\u00e4ge, Workshops und Kurse in den Bereichen P\u00e4dagogik, Energiearbeit und Bewusstseinsschulung Im Hinblick auf die technischen Eigenschaften des Internet kann keine Gew\u00e4hr f\u00fcr die Authentizit\u00e4t, Richtigkeit und Vollst\u00e4ndigkeit der im Internet zur Verf\u00fcgung gestellten Informationen \u00fcbernommen werden. Es wird auch keine Gew\u00e4hr f\u00fcr die Verf\u00fcgbarkeit oder den Betrieb der gegenst\u00e4ndlichen Homepage und ihrer Inhalte \u00fcbernommen. Der Inhalt dieser Homepage ist urheberrechtlich gesch\u00fctzt. Die Informationen sind nur f\u00fcr die pers\u00f6nliche Verwendung bestimmt. Hyperlinks auf das Angebot von\u00a0www.institut33.at\u00a0 sind willkommen.<\/p>\n","protected":false},"author":1,"featured_media":0,"parent":0,"menu_order":0,"comment_status":"closed","ping_status":"closed","template":"","meta":{"footnotes":""},"class_list":["post-57","page","type-page","status-publish","hentry"],"yoast_head":"<!-- This site is optimized with the Yoast SEO plugin v18.2 - https:\/\/yoast.com\/wordpress\/plugins\/seo\/ -->\n<title>Impressum - Netzwerk<\/title>\n<meta name=\"robots\" content=\"index, follow, max-snippet:-1, max-image-preview:large, max-video-preview:-1\" \/>\n<link rel=\"canonical\" href=\"https:\/\/institut33.at\/?page_id=57\" \/>\n<meta property=\"og:locale\" content=\"de_DE\" \/>\n<meta property=\"og:type\" content=\"article\" \/>\n<meta property=\"og:title\" content=\"Impressum - Netzwerk\" \/>\n<meta property=\"og:description\" content=\"Impressum &nbsp; Impressum \/ Offenlegung gem\u00e4\u00df \u00a725 Mediengesetz Name\/Firma: C\u00e4cilia Brodesser Sitz: W\u00f6llersdorf 11, 3053 Laaben, N\u00d6. Telefon: 06641508351 T\u00e4tigkeitsbereich: Vortr\u00e4ge, Workshops und Kurse in den Bereichen P\u00e4dagogik, Energiearbeit und Bewusstseinsschulung Im Hinblick auf die technischen Eigenschaften des Internet kann keine Gew\u00e4hr f\u00fcr die Authentizit\u00e4t, Richtigkeit und Vollst\u00e4ndigkeit der im Internet zur Verf\u00fcgung gestellten Informationen \u00fcbernommen werden. Es wird auch keine Gew\u00e4hr f\u00fcr die Verf\u00fcgbarkeit oder den Betrieb der gegenst\u00e4ndlichen Homepage und ihrer Inhalte \u00fcbernommen. Der Inhalt dieser Homepage ist urheberrechtlich gesch\u00fctzt. Die Informationen sind nur f\u00fcr die pers\u00f6nliche Verwendung bestimmt. Hyperlinks auf das Angebot von\u00a0www.institut33.at\u00a0 sind willkommen.\" \/>\n<meta property=\"og:url\" content=\"https:\/\/institut33.at\/?page_id=57\" \/>\n<meta property=\"og:site_name\" content=\"Netzwerk\" \/>\n<meta property=\"article:modified_time\" content=\"2022-03-15T20:29:01+00:00\" \/>\n<meta name=\"twitter:card\" content=\"summary_large_image\" \/>\n<meta name=\"twitter:label1\" content=\"Gesch\u00e4tzte Lesezeit\" \/>\n\t<meta name=\"twitter:data1\" content=\"1\u00a0Minute\" \/>\n<script type=\"application\/ld+json\" class=\"yoast-schema-graph\">{\"@context\":\"https:\/\/schema.org\",\"@graph\":[{\"@type\":\"WebSite\",\"@id\":\"https:\/\/institut33.at\/#website\",\"url\":\"https:\/\/institut33.at\/\",\"name\":\"Netzwerk\",\"description\":\"von C\u00e4cilia Brodesser\",\"potentialAction\":[{\"@type\":\"SearchAction\",\"target\":{\"@type\":\"EntryPoint\",\"urlTemplate\":\"https:\/\/institut33.at\/?s={search_term_string}\"},\"query-input\":\"required name=search_term_string\"}],\"inLanguage\":\"de\"},{\"@type\":\"WebPage\",\"@id\":\"https:\/\/institut33.at\/?page_id=57#webpage\",\"url\":\"https:\/\/institut33.at\/?page_id=57\",\"name\":\"Impressum - Netzwerk\",\"isPartOf\":{\"@id\":\"https:\/\/institut33.at\/#website\"},\"datePublished\":\"2022-03-07T10:46:26+00:00\",\"dateModified\":\"2022-03-15T20:29:01+00:00\",\"breadcrumb\":{\"@id\":\"https:\/\/institut33.at\/?page_id=57#breadcrumb\"},\"inLanguage\":\"de\",\"potentialAction\":[{\"@type\":\"ReadAction\",\"target\":[\"https:\/\/institut33.at\/?page_id=57\"]}]},{\"@type\":\"BreadcrumbList\",\"@id\":\"https:\/\/institut33.at\/?page_id=57#breadcrumb\",\"itemListElement\":[{\"@type\":\"ListItem\",\"position\":1,\"name\":\"Startseite\",\"item\":\"https:\/\/institut33.at\/\"},{\"@type\":\"ListItem\",\"position\":2,\"name\":\"Impressum\"}]}]}<\/script>\n<!-- \/ Yoast SEO plugin. -->","yoast_head_json":{"title":"Impressum - Netzwerk","robots":{"index":"index","follow":"follow","max-snippet":"max-snippet:-1","max-image-preview":"max-image-preview:large","max-video-preview":"max-video-preview:-1"},"canonical":"https:\/\/institut33.at\/?page_id=57","og_locale":"de_DE","og_type":"article","og_title":"Impressum - Netzwerk","og_description":"Impressum &nbsp; Impressum \/ Offenlegung gem\u00e4\u00df \u00a725 Mediengesetz Name\/Firma: C\u00e4cilia Brodesser Sitz: W\u00f6llersdorf 11, 3053 Laaben, N\u00d6. Telefon: 06641508351 T\u00e4tigkeitsbereich: Vortr\u00e4ge, Workshops und Kurse in den Bereichen P\u00e4dagogik, Energiearbeit und Bewusstseinsschulung Im Hinblick auf die technischen Eigenschaften des Internet kann keine Gew\u00e4hr f\u00fcr die Authentizit\u00e4t, Richtigkeit und Vollst\u00e4ndigkeit der im Internet zur Verf\u00fcgung gestellten Informationen \u00fcbernommen werden. Es wird auch keine Gew\u00e4hr f\u00fcr die Verf\u00fcgbarkeit oder den Betrieb der gegenst\u00e4ndlichen Homepage und ihrer Inhalte \u00fcbernommen. Der Inhalt dieser Homepage ist urheberrechtlich gesch\u00fctzt. Die Informationen sind nur f\u00fcr die pers\u00f6nliche Verwendung bestimmt. Hyperlinks auf das Angebot von\u00a0www.institut33.at\u00a0 sind willkommen.","og_url":"https:\/\/institut33.at\/?page_id=57","og_site_name":"Netzwerk","article_modified_time":"2022-03-15T20:29:01+00:00","twitter_card":"summary_large_image","twitter_misc":{"Gesch\u00e4tzte Lesezeit":"1\u00a0Minute"},"schema":{"@context":"https:\/\/schema.org","@graph":[{"@type":"WebSite","@id":"https:\/\/institut33.at\/#website","url":"https:\/\/institut33.at\/","name":"Netzwerk","description":"von C\u00e4cilia Brodesser","potentialAction":[{"@type":"SearchAction","target":{"@type":"EntryPoint","urlTemplate":"https:\/\/institut33.at\/?s={search_term_string}"},"query-input":"required name=search_term_string"}],"inLanguage":"de"},{"@type":"WebPage","@id":"https:\/\/institut33.at\/?page_id=57#webpage","url":"https:\/\/institut33.at\/?page_id=57","name":"Impressum - Netzwerk","isPartOf":{"@id":"https:\/\/institut33.at\/#website"},"datePublished":"2022-03-07T10:46:26+00:00","dateModified":"2022-03-15T20:29:01+00:00","breadcrumb":{"@id":"https:\/\/institut33.at\/?page_id=57#breadcrumb"},"inLanguage":"de","potentialAction":[{"@type":"ReadAction","target":["https:\/\/institut33.at\/?page_id=57"]}]},{"@type":"BreadcrumbList","@id":"https:\/\/institut33.at\/?page_id=57#breadcrumb","itemListElement":[{"@type":"ListItem","position":1,"name":"Startseite","item":"https:\/\/institut33.at\/"},{"@type":"ListItem","position":2,"name":"Impressum"}]}]}},"_links":{"self":[{"href":"https:\/\/institut33.at\/index.php?rest_route=\/wp\/v2\/pages\/57","targetHints":{"allow":["GET"]}}],"collection":[{"href":"https:\/\/institut33.at\/index.php?rest_route=\/wp\/v2\/pages"}],"about":[{"href":"https:\/\/institut33.at\/index.php?rest_route=\/wp\/v2\/types\/page"}],"author":[{"embeddable":true,"href":"https:\/\/institut33.at\/index.php?rest_route=\/wp\/v2\/users\/1"}],"replies":[{"embeddable":true,"href":"https:\/\/institut33.at\/index.php?rest_route=%2Fwp%2Fv2%2Fcomments&post=57"}],"version-history":[{"count":2,"href":"https:\/\/institut33.at\/index.php?rest_route=\/wp\/v2\/pages\/57\/revisions"}],"predecessor-version":[{"id":213,"href":"https:\/\/institut33.at\/index.php?rest_route=\/wp\/v2\/pages\/57\/revisions\/213"}],"wp:attachment":[{"href":"https:\/\/institut33.at\/index.php?rest_route=%2Fwp%2Fv2%2Fmedia&parent=57"}],"curies":[{"name":"wp","href":"https:\/\/api.w.org\/{rel}","templated":true}]}}