{"id":29,"date":"2022-03-07T10:30:37","date_gmt":"2022-03-07T10:30:37","guid":{"rendered":"https:\/\/institut33.at\/?page_id=29"},"modified":"2022-03-15T20:17:07","modified_gmt":"2022-03-15T20:17:07","slug":"meine-buecher","status":"publish","type":"page","link":"https:\/\/institut33.at\/?page_id=29","title":{"rendered":"Meine B\u00fccher"},"content":{"rendered":"<div id=\"pl-29\"  class=\"panel-layout\" ><div id=\"pg-29-0\"  class=\"panel-grid panel-no-style\" ><div id=\"pgc-29-0-0\"  class=\"panel-grid-cell\" ><div id=\"panel-29-0-0-0\" class=\"so-panel widget widget_sow-editor panel-first-child panel-last-child\" data-index=\"0\" ><div class=\"so-widget-sow-editor so-widget-sow-editor-base\">\n<div class=\"siteorigin-widget-tinymce textwidget\">\n\t<h2><span style=\"color: #000080;\">Meine B\u00fccher<\/span><\/h2>\n<h3><\/h3>\n<hr \/>\n<h3><span style=\"color: #000080;\">PRINT BOOKS<\/span><\/h3>\n<\/div>\n<\/div><\/div><\/div><\/div><div id=\"pg-29-1\"  class=\"panel-grid panel-no-style\" ><div id=\"pgc-29-1-0\"  class=\"panel-grid-cell\" ><div id=\"panel-29-1-0-0\" class=\"so-panel widget widget_sow-editor panel-first-child\" data-index=\"1\" ><div class=\"so-widget-sow-editor so-widget-sow-editor-base\">\n<div class=\"siteorigin-widget-tinymce textwidget\">\n\t<h3><span style=\"color: #000080;\">33 Tipps f\u00fcr den Umgang mit Kindern der neuen Zeit<\/span><\/h3>\n<\/div>\n<\/div><\/div><div id=\"panel-29-1-0-1\" class=\"widget_text so-panel widget widget_custom_html\" data-index=\"2\" ><div class=\"textwidget custom-html-widget\"><!-- ### Begin BoD ShopWidget -->\n<div id=\"bodShopWidget_2883773_print\" class=\"bodShopWidget\"><\/div><script type=\"text\/javascript\">if(typeof checkLibExist == \"undefined\"){var script = document.createElement(\"script\");script.src =\"\/\/www.bod.de\/public\/js\/bod\/v1.1\/shopWidget.min.js\";script.type = \"text\/javascript\";document.head.appendChild(script);var checkLibExist = true;}if(typeof books === \"undefined\") var books=[];books.push({\"objID\":\"2883773\",\"swKey\":\"055e5c529f86e21d37cd5173f1593358\",\"type\":\"print\",\"size\":\"large\",\"font\":\"nonSerif\",\"shadow\":false,\"contour\":true,\"coverContour\":true,\"fontColor\":\"#000\",\"contourColor\":\"#000\",\"shadowBtn\":false,\"contourBtn\":false,\"bgColor\":\"#fff\",\"btnFontColor\":\"#fff\",\"btnColor\":\"#fd6041\",\"btnContourColor\":\"#fd6041\",\"shop\":\"de\",\"mandantShopUrl\":\"https:\/\/www.bod.de\/buchshop\",\"lang\":\"de\"});<\/script>\n<!-- ### End BoD ShopWidget --><\/div><\/div><div id=\"panel-29-1-0-2\" class=\"so-panel widget widget_sow-editor\" data-index=\"3\" ><div class=\"so-widget-sow-editor so-widget-sow-editor-base\">\n<div class=\"siteorigin-widget-tinymce textwidget\">\n\t<h3><span style=\"color: #000080;\">33 Tipps f\u00fcr die liebevolle Begleitung von Kindern der neuen Zeit<\/span><\/h3>\n<\/div>\n<\/div><\/div><div id=\"panel-29-1-0-3\" class=\"widget_text so-panel widget widget_custom_html\" data-index=\"4\" ><div class=\"textwidget custom-html-widget\"><!-- ### Begin BoD ShopWidget -->\n<div id=\"bodShopWidget_2179743_print\" class=\"bodShopWidget\"><\/div><script type=\"text\/javascript\">if(typeof checkLibExist == \"undefined\"){var script = document.createElement(\"script\");script.src =\"\/\/www.bod.de\/public\/js\/bod\/v1.1\/shopWidget.min.js\";script.type = \"text\/javascript\";document.head.appendChild(script);var checkLibExist = true;}if(typeof books === \"undefined\") var books=[];books.push({\"objID\":\"2179743\",\"swKey\":\"39bcde087cbfb558bc9c53036f40849f\",\"type\":\"print\",\"size\":\"large\",\"font\":\"nonSerif\",\"shadow\":false,\"contour\":true,\"coverContour\":true,\"fontColor\":\"#000\",\"contourColor\":\"#000\",\"shadowBtn\":false,\"contourBtn\":false,\"bgColor\":\"#fff\",\"btnFontColor\":\"#fff\",\"btnColor\":\"#fd6041\",\"btnContourColor\":\"#fd6041\",\"shop\":\"de\",\"mandantShopUrl\":\"https:\/\/www.bod.de\/buchshop\",\"lang\":\"de\"});<\/script>\n<!-- ### End BoD ShopWidget --><\/div><\/div><div id=\"panel-29-1-0-4\" class=\"so-panel widget widget_sow-editor\" data-index=\"5\" ><div class=\"so-widget-sow-editor so-widget-sow-editor-base\">\n<div class=\"siteorigin-widget-tinymce textwidget\">\n\t<h3><span style=\"color: #000080;\">Reise meiner Seele zum wahren Ich<\/span><\/h3>\n<\/div>\n<\/div><\/div><div id=\"panel-29-1-0-5\" class=\"widget_text so-panel widget widget_custom_html panel-last-child\" data-index=\"6\" ><div class=\"textwidget custom-html-widget\"><!-- ### Begin BoD ShopWidget -->\n<div id=\"bodShopWidget_1944197_print\" class=\"bodShopWidget\"><\/div><script type=\"text\/javascript\">if(typeof checkLibExist == \"undefined\"){var script = document.createElement(\"script\");script.src =\"\/\/www.bod.de\/public\/js\/bod\/v1.1\/shopWidget.min.js\";script.type = \"text\/javascript\";document.head.appendChild(script);var checkLibExist = true;}if(typeof books === \"undefined\") var books=[];books.push({\"objID\":\"1944197\",\"swKey\":\"7fcf19190b7c104de1c4220cfc87ff4f\",\"type\":\"print\",\"size\":\"large\",\"font\":\"nonSerif\",\"shadow\":false,\"contour\":true,\"coverContour\":true,\"fontColor\":\"#000\",\"contourColor\":\"#000\",\"shadowBtn\":false,\"contourBtn\":false,\"bgColor\":\"#fff\",\"btnFontColor\":\"#fff\",\"btnColor\":\"#fd6041\",\"btnContourColor\":\"#fd6041\",\"shop\":\"de\",\"mandantShopUrl\":\"https:\/\/www.bod.de\/buchshop\",\"lang\":\"de\"});<\/script>\n<!-- ### End BoD ShopWidget --><\/div><\/div><\/div><\/div><div id=\"pg-29-2\"  class=\"panel-grid panel-no-style\" ><div id=\"pgc-29-2-0\"  class=\"panel-grid-cell\" ><div id=\"panel-29-2-0-0\" class=\"so-panel widget widget_sow-editor panel-first-child panel-last-child\" data-index=\"7\" ><div class=\"so-widget-sow-editor so-widget-sow-editor-base\">\n<div class=\"siteorigin-widget-tinymce textwidget\">\n\t<h3><span style=\"color: #000080;\">E-BOOKS<\/span><\/h3>\n<\/div>\n<\/div><\/div><\/div><\/div><div id=\"pg-29-3\"  class=\"panel-grid panel-no-style\" ><div id=\"pgc-29-3-0\"  class=\"panel-grid-cell\" ><div id=\"panel-29-3-0-0\" class=\"so-panel widget widget_sow-editor panel-first-child\" data-index=\"8\" ><div class=\"so-widget-sow-editor so-widget-sow-editor-base\">\n<div class=\"siteorigin-widget-tinymce textwidget\">\n\t<h3><span style=\"color: #000080;\">33 Tipps f\u00fcr den Umgang mit Kindern der neuen Zeit<\/span><\/h3>\n<\/div>\n<\/div><\/div><div id=\"panel-29-3-0-1\" class=\"widget_text so-panel widget widget_custom_html\" data-index=\"9\" ><div class=\"textwidget custom-html-widget\"><!-- ### Begin BoD ShopWidget -->\n<div id=\"bodShopWidget_2883773_ebook\" class=\"bodShopWidget\"><\/div><script type=\"text\/javascript\">if(typeof checkLibExist == \"undefined\"){var script = document.createElement(\"script\");script.src =\"\/\/www.bod.de\/public\/js\/bod\/v1.1\/shopWidget.min.js\";script.type = \"text\/javascript\";document.head.appendChild(script);var checkLibExist = true;}if(typeof books === \"undefined\") var books=[];books.push({\"objID\":\"2883773\",\"swKey\":\"055e5c529f86e21d37cd5173f1593358\",\"type\":\"ebook\",\"size\":\"large\",\"font\":\"nonSerif\",\"shadow\":false,\"contour\":true,\"coverContour\":true,\"fontColor\":\"#000\",\"contourColor\":\"#000\",\"shadowBtn\":false,\"contourBtn\":false,\"bgColor\":\"#fff\",\"btnFontColor\":\"#fff\",\"btnColor\":\"#fd6041\",\"btnContourColor\":\"#fd6041\",\"shop\":\"de\",\"mandantShopUrl\":\"https:\/\/www.bod.de\/buchshop\",\"lang\":\"de\"});<\/script>\n<!-- ### End BoD ShopWidget --><\/div><\/div><div id=\"panel-29-3-0-2\" class=\"so-panel widget widget_sow-editor\" data-index=\"10\" ><div class=\"so-widget-sow-editor so-widget-sow-editor-base\">\n<div class=\"siteorigin-widget-tinymce textwidget\">\n\t<h3><span style=\"color: #000080;\">33 Tipps f\u00fcr die liebevolle Begleitung von Kindern der neuen Zeit<\/span><\/h3>\n<\/div>\n<\/div><\/div><div id=\"panel-29-3-0-3\" class=\"widget_text so-panel widget widget_custom_html\" data-index=\"11\" ><div class=\"textwidget custom-html-widget\"><!-- ### Begin BoD ShopWidget -->\n<div id=\"bodShopWidget_2179743_ebook\" class=\"bodShopWidget\"><\/div><script type=\"text\/javascript\">if(typeof checkLibExist == \"undefined\"){var script = document.createElement(\"script\");script.src =\"\/\/www.bod.de\/public\/js\/bod\/v1.1\/shopWidget.min.js\";script.type = \"text\/javascript\";document.head.appendChild(script);var checkLibExist = true;}if(typeof books === \"undefined\") var books=[];books.push({\"objID\":\"2179743\",\"swKey\":\"39bcde087cbfb558bc9c53036f40849f\",\"type\":\"ebook\",\"size\":\"large\",\"font\":\"nonSerif\",\"shadow\":false,\"contour\":true,\"coverContour\":true,\"fontColor\":\"#000\",\"contourColor\":\"#000\",\"shadowBtn\":false,\"contourBtn\":false,\"bgColor\":\"#fff\",\"btnFontColor\":\"#fff\",\"btnColor\":\"#fd6041\",\"btnContourColor\":\"#fd6041\",\"shop\":\"de\",\"mandantShopUrl\":\"https:\/\/www.bod.de\/buchshop\",\"lang\":\"de\"});<\/script>\n<!-- ### End BoD ShopWidget --><\/div><\/div><div id=\"panel-29-3-0-4\" class=\"so-panel widget widget_sow-editor\" data-index=\"12\" ><div class=\"so-widget-sow-editor so-widget-sow-editor-base\">\n<div class=\"siteorigin-widget-tinymce textwidget\">\n\t<h3><span style=\"color: #000080;\">Reise meiner Seele zum wahren Ich<\/span><\/h3>\n<\/div>\n<\/div><\/div><div id=\"panel-29-3-0-5\" class=\"widget_text so-panel widget widget_custom_html panel-last-child\" data-index=\"13\" ><div class=\"textwidget custom-html-widget\"><!-- ### Begin BoD ShopWidget -->\n<div id=\"bodShopWidget_1944197_ebook\" class=\"bodShopWidget\"><\/div><script type=\"text\/javascript\">if(typeof checkLibExist == \"undefined\"){var script = document.createElement(\"script\");script.src =\"\/\/www.bod.de\/public\/js\/bod\/v1.1\/shopWidget.min.js\";script.type = \"text\/javascript\";document.head.appendChild(script);var checkLibExist = true;}if(typeof books === \"undefined\") var books=[];books.push({\"objID\":\"1944197\",\"swKey\":\"7fcf19190b7c104de1c4220cfc87ff4f\",\"type\":\"ebook\",\"size\":\"large\",\"font\":\"nonSerif\",\"shadow\":false,\"contour\":true,\"coverContour\":true,\"fontColor\":\"#000\",\"contourColor\":\"#000\",\"shadowBtn\":false,\"contourBtn\":false,\"bgColor\":\"#fff\",\"btnFontColor\":\"#fff\",\"btnColor\":\"#fd6041\",\"btnContourColor\":\"#fd6041\",\"shop\":\"de\",\"mandantShopUrl\":\"https:\/\/www.bod.de\/buchshop\",\"lang\":\"de\"});<\/script>\n<!-- ### End BoD ShopWidget --><\/div><\/div><\/div><\/div><\/div>","protected":false},"excerpt":{"rendered":"<p>Meine B\u00fccher PRINT BOOKS 33 Tipps f\u00fcr den Umgang mit Kindern der neuen Zeit 33 Tipps f\u00fcr die liebevolle Begleitung von Kindern der neuen Zeit Reise meiner Seele zum wahren Ich<\/p>\n","protected":false},"author":1,"featured_media":0,"parent":0,"menu_order":0,"comment_status":"closed","ping_status":"closed","template":"","meta":{"footnotes":""},"class_list":["post-29","page","type-page","status-publish","hentry"],"yoast_head":"<!-- This site is optimized with the Yoast SEO plugin v18.2 - https:\/\/yoast.com\/wordpress\/plugins\/seo\/ -->\n<title>Meine B\u00fccher - Netzwerk<\/title>\n<meta name=\"robots\" content=\"index, follow, max-snippet:-1, max-image-preview:large, max-video-preview:-1\" \/>\n<link rel=\"canonical\" href=\"https:\/\/institut33.at\/?page_id=29\" \/>\n<meta property=\"og:locale\" content=\"de_DE\" \/>\n<meta property=\"og:type\" content=\"article\" \/>\n<meta property=\"og:title\" content=\"Meine B\u00fccher - Netzwerk\" \/>\n<meta property=\"og:description\" content=\"Meine B\u00fccher PRINT BOOKS 33 Tipps f\u00fcr den Umgang mit Kindern der neuen Zeit 33 Tipps f\u00fcr die liebevolle Begleitung von Kindern der neuen Zeit Reise meiner Seele zum wahren Ich\" \/>\n<meta property=\"og:url\" content=\"https:\/\/institut33.at\/?page_id=29\" \/>\n<meta property=\"og:site_name\" content=\"Netzwerk\" \/>\n<meta property=\"article:modified_time\" content=\"2022-03-15T20:17:07+00:00\" \/>\n<meta name=\"twitter:card\" content=\"summary_large_image\" \/>\n<meta name=\"twitter:label1\" content=\"Gesch\u00e4tzte Lesezeit\" \/>\n\t<meta name=\"twitter:data1\" content=\"1\u00a0Minute\" \/>\n<script type=\"application\/ld+json\" class=\"yoast-schema-graph\">{\"@context\":\"https:\/\/schema.org\",\"@graph\":[{\"@type\":\"WebSite\",\"@id\":\"https:\/\/institut33.at\/#website\",\"url\":\"https:\/\/institut33.at\/\",\"name\":\"Netzwerk\",\"description\":\"von C\u00e4cilia Brodesser\",\"potentialAction\":[{\"@type\":\"SearchAction\",\"target\":{\"@type\":\"EntryPoint\",\"urlTemplate\":\"https:\/\/institut33.at\/?s={search_term_string}\"},\"query-input\":\"required name=search_term_string\"}],\"inLanguage\":\"de\"},{\"@type\":\"WebPage\",\"@id\":\"https:\/\/institut33.at\/?page_id=29#webpage\",\"url\":\"https:\/\/institut33.at\/?page_id=29\",\"name\":\"Meine B\u00fccher - Netzwerk\",\"isPartOf\":{\"@id\":\"https:\/\/institut33.at\/#website\"},\"datePublished\":\"2022-03-07T10:30:37+00:00\",\"dateModified\":\"2022-03-15T20:17:07+00:00\",\"breadcrumb\":{\"@id\":\"https:\/\/institut33.at\/?page_id=29#breadcrumb\"},\"inLanguage\":\"de\",\"potentialAction\":[{\"@type\":\"ReadAction\",\"target\":[\"https:\/\/institut33.at\/?page_id=29\"]}]},{\"@type\":\"BreadcrumbList\",\"@id\":\"https:\/\/institut33.at\/?page_id=29#breadcrumb\",\"itemListElement\":[{\"@type\":\"ListItem\",\"position\":1,\"name\":\"Startseite\",\"item\":\"https:\/\/institut33.at\/\"},{\"@type\":\"ListItem\",\"position\":2,\"name\":\"Meine B\u00fccher\"}]}]}<\/script>\n<!-- \/ Yoast SEO plugin. -->","yoast_head_json":{"title":"Meine B\u00fccher - Netzwerk","robots":{"index":"index","follow":"follow","max-snippet":"max-snippet:-1","max-image-preview":"max-image-preview:large","max-video-preview":"max-video-preview:-1"},"canonical":"https:\/\/institut33.at\/?page_id=29","og_locale":"de_DE","og_type":"article","og_title":"Meine B\u00fccher - Netzwerk","og_description":"Meine B\u00fccher PRINT BOOKS 33 Tipps f\u00fcr den Umgang mit Kindern der neuen Zeit 33 Tipps f\u00fcr die liebevolle Begleitung von Kindern der neuen Zeit Reise meiner Seele zum wahren Ich","og_url":"https:\/\/institut33.at\/?page_id=29","og_site_name":"Netzwerk","article_modified_time":"2022-03-15T20:17:07+00:00","twitter_card":"summary_large_image","twitter_misc":{"Gesch\u00e4tzte Lesezeit":"1\u00a0Minute"},"schema":{"@context":"https:\/\/schema.org","@graph":[{"@type":"WebSite","@id":"https:\/\/institut33.at\/#website","url":"https:\/\/institut33.at\/","name":"Netzwerk","description":"von C\u00e4cilia Brodesser","potentialAction":[{"@type":"SearchAction","target":{"@type":"EntryPoint","urlTemplate":"https:\/\/institut33.at\/?s={search_term_string}"},"query-input":"required name=search_term_string"}],"inLanguage":"de"},{"@type":"WebPage","@id":"https:\/\/institut33.at\/?page_id=29#webpage","url":"https:\/\/institut33.at\/?page_id=29","name":"Meine B\u00fccher - Netzwerk","isPartOf":{"@id":"https:\/\/institut33.at\/#website"},"datePublished":"2022-03-07T10:30:37+00:00","dateModified":"2022-03-15T20:17:07+00:00","breadcrumb":{"@id":"https:\/\/institut33.at\/?page_id=29#breadcrumb"},"inLanguage":"de","potentialAction":[{"@type":"ReadAction","target":["https:\/\/institut33.at\/?page_id=29"]}]},{"@type":"BreadcrumbList","@id":"https:\/\/institut33.at\/?page_id=29#breadcrumb","itemListElement":[{"@type":"ListItem","position":1,"name":"Startseite","item":"https:\/\/institut33.at\/"},{"@type":"ListItem","position":2,"name":"Meine B\u00fccher"}]}]}},"_links":{"self":[{"href":"https:\/\/institut33.at\/index.php?rest_route=\/wp\/v2\/pages\/29","targetHints":{"allow":["GET"]}}],"collection":[{"href":"https:\/\/institut33.at\/index.php?rest_route=\/wp\/v2\/pages"}],"about":[{"href":"https:\/\/institut33.at\/index.php?rest_route=\/wp\/v2\/types\/page"}],"author":[{"embeddable":true,"href":"https:\/\/institut33.at\/index.php?rest_route=\/wp\/v2\/users\/1"}],"replies":[{"embeddable":true,"href":"https:\/\/institut33.at\/index.php?rest_route=%2Fwp%2Fv2%2Fcomments&post=29"}],"version-history":[{"count":20,"href":"https:\/\/institut33.at\/index.php?rest_route=\/wp\/v2\/pages\/29\/revisions"}],"predecessor-version":[{"id":201,"href":"https:\/\/institut33.at\/index.php?rest_route=\/wp\/v2\/pages\/29\/revisions\/201"}],"wp:attachment":[{"href":"https:\/\/institut33.at\/index.php?rest_route=%2Fwp%2Fv2%2Fmedia&parent=29"}],"curies":[{"name":"wp","href":"https:\/\/api.w.org\/{rel}","templated":true}]}}