{"id":23,"date":"2022-03-07T10:29:37","date_gmt":"2022-03-07T10:29:37","guid":{"rendered":"https:\/\/institut33.at\/?page_id=23"},"modified":"2022-03-15T20:15:34","modified_gmt":"2022-03-15T20:15:34","slug":"angebote","status":"publish","type":"page","link":"https:\/\/institut33.at\/?page_id=23","title":{"rendered":"Angebote"},"content":{"rendered":"<div id=\"pl-23\"  class=\"panel-layout\" ><div id=\"pg-23-0\"  class=\"panel-grid panel-no-style\" ><div id=\"pgc-23-0-0\"  class=\"panel-grid-cell\" ><div id=\"panel-23-0-0-0\" class=\"so-panel widget widget_sow-editor panel-first-child panel-last-child\" data-index=\"0\" ><div class=\"so-widget-sow-editor so-widget-sow-editor-base\">\n<div class=\"siteorigin-widget-tinymce textwidget\">\n\t<h2><span style=\"color: #000080;\">Angebote<\/span><\/h2>\n<p>&nbsp;<\/p>\n<p><span style=\"color: #000080;\">C\u00e4cilia Brodesser bietet fallweise folgendes an:<\/span><\/p>\n<p><span style=\"color: #000080;\">- Lesungen<\/span><\/p>\n<p><span style=\"color: #000080;\">- Vortr\u00e4ge \u00fcber \"Kinder der Neuen Zeit\"<\/span><\/p>\n<p><span style=\"color: #000080;\">- Telefonische Beratung<\/span><\/p>\n<p>&nbsp;<\/p>\n<hr \/>\n<p>&nbsp;<\/p>\n<p><span style=\"color: #000080;\"><strong>Lesung zum Buch 1:<\/strong><\/span><\/p>\n<p><span style=\"color: #000080;\">Die Autorin m\u00f6chte Ihnen bei dieser Lesung wertvolle Erfahrungen, die sie als Mutter, P\u00e4dagogin und Leiterin des Institut33 machen durfte, mitgeben. Sie f\u00fchrt sie in die Welt der neuen Kinder ein und holt viele Tipps und Tricks aus ihrer Schatzkiste!<\/span><\/p>\n<p><img loading=\"lazy\" decoding=\"async\" class=\"size-medium wp-image-167 aligncenter\" src=\"https:\/\/institut33.at\/wp-content\/uploads\/2022\/03\/IMG_4532-225x300.jpg\" alt=\"\" width=\"225\" height=\"300\" srcset=\"https:\/\/institut33.at\/wp-content\/uploads\/2022\/03\/IMG_4532-225x300.jpg 225w, https:\/\/institut33.at\/wp-content\/uploads\/2022\/03\/IMG_4532.jpg 576w\" sizes=\"auto, (max-width: 225px) 100vw, 225px\" \/><\/p>\n<p>&nbsp;<\/p>\n<p><span style=\"color: #000080;\"><strong>Lesung zum Buch 2:<\/strong><\/span><\/p>\n<p><span style=\"color: #000080;\">Bei dieser Buchpr\u00e4sentation gibt ihnen die Autorin wertvolle Anregungen, die das Zusammenleben mit den Kindern der neuen Zeit erleichtern und bereichern sollen. Meist gen\u00fcgen einfache Techniken und Methoden, um Konflikte zu bereinigen und neue Wege eines friedlichen Miteinanders zu finden!<\/span><\/p>\n<p><img loading=\"lazy\" decoding=\"async\" class=\"size-medium wp-image-169 aligncenter\" src=\"https:\/\/institut33.at\/wp-content\/uploads\/2022\/03\/IMG_4534-225x300.jpg\" alt=\"\" width=\"225\" height=\"300\" srcset=\"https:\/\/institut33.at\/wp-content\/uploads\/2022\/03\/IMG_4534-225x300.jpg 225w, https:\/\/institut33.at\/wp-content\/uploads\/2022\/03\/IMG_4534.jpg 576w\" sizes=\"auto, (max-width: 225px) 100vw, 225px\" \/><\/p>\n<p><span style=\"color: #000080;\"><strong>Kinder der neuen Zeit:<\/strong><\/span><\/p>\n<p><span style=\"color: #000080;\">In diesem Vortrag erhalten Sie einen \u00dcberblick \u00fcber die Kinder der neuen Zeit. Es wird besonders auf ihre Eigenschaften und Charaktermerkmale eingegangen und in der Folge heraus gearbeitet, wie wir als Erwachsene mit ihnen umgehen sollten.<\/span><\/p>\n<p><img loading=\"lazy\" decoding=\"async\" class=\"wp-image-166 aligncenter\" src=\"https:\/\/institut33.at\/wp-content\/uploads\/2022\/03\/IMG_4527-300x225.jpg\" alt=\"\" width=\"294\" height=\"221\" srcset=\"https:\/\/institut33.at\/wp-content\/uploads\/2022\/03\/IMG_4527-300x225.jpg 300w, https:\/\/institut33.at\/wp-content\/uploads\/2022\/03\/IMG_4527-768x576.jpg 768w, https:\/\/institut33.at\/wp-content\/uploads\/2022\/03\/IMG_4527.jpg 1024w\" sizes=\"auto, (max-width: 294px) 100vw, 294px\" \/><\/p>\n<p><span style=\"color: #000080;\"><strong>Vortrag f\u00fcr Erwachsene \u00fcber hochsensitive\/hochsensible Kinder und Jugendliche:<\/strong><\/span><\/p>\n<p><span style=\"color: #000080;\">In diesem Vortrag gebe ich Ihnen eine \u00dcbersicht \u00fcber die wertvollen Eigenschaften von hochsensitiven\/hochsensiblen Kindern und Jugendlichen und zeige M\u00f6glichkeiten auf, wie Sie Ihre Kinder f\u00fchren k\u00f6nnen, damit sie trotz Sensibilit\u00e4t in unserer Gesellschaft anerkannt und gesch\u00e4tzt werden.<\/span><\/p>\n<p><img loading=\"lazy\" decoding=\"async\" class=\"alignnone size-medium wp-image-168 aligncenter\" src=\"https:\/\/institut33.at\/wp-content\/uploads\/2022\/03\/IMG_4533-300x225.jpg\" alt=\"\" width=\"300\" height=\"225\" srcset=\"https:\/\/institut33.at\/wp-content\/uploads\/2022\/03\/IMG_4533-300x225.jpg 300w, https:\/\/institut33.at\/wp-content\/uploads\/2022\/03\/IMG_4533-768x576.jpg 768w, https:\/\/institut33.at\/wp-content\/uploads\/2022\/03\/IMG_4533.jpg 1024w\" sizes=\"auto, (max-width: 300px) 100vw, 300px\" \/><\/p>\n<\/div>\n<\/div><\/div><\/div><\/div><\/div>","protected":false},"excerpt":{"rendered":"<p>Angebote &nbsp; C\u00e4cilia Brodesser bietet fallweise folgendes an: &#8211; Lesungen &#8211; Vortr\u00e4ge \u00fcber &#8222;Kinder der Neuen Zeit&#8220; &#8211; Telefonische Beratung &nbsp; &nbsp; Lesung zum Buch 1: Die Autorin m\u00f6chte Ihnen bei dieser Lesung wertvolle Erfahrungen, die sie als Mutter, P\u00e4dagogin und Leiterin des Institut33 machen durfte, mitgeben. Sie f\u00fchrt sie in die Welt der neuen Kinder ein und holt viele Tipps und Tricks aus ihrer Schatzkiste! &nbsp; Lesung zum Buch 2: Bei dieser Buchpr\u00e4sentation gibt ihnen die Autorin wertvolle Anregungen, die das Zusammenleben mit den Kindern der neuen Zeit erleichtern und bereichern sollen. Meist gen\u00fcgen einfache Techniken und Methoden, um Konflikte zu bereinigen und neue Wege eines friedlichen Miteinanders zu finden! Kinder der neuen Zeit: In diesem Vortrag erhalten Sie einen \u00dcberblick \u00fcber die Kinder der neuen Zeit. Es wird besonders auf ihre Eigenschaften und Charaktermerkmale eingegangen und in der Folge heraus gearbeitet, wie wir als Erwachsene mit ihnen umgehen sollten. Vortrag f\u00fcr Erwachsene \u00fcber hochsensitive\/hochsensible Kinder und Jugendliche: In diesem Vortrag gebe ich Ihnen eine \u00dcbersicht \u00fcber die wertvollen Eigenschaften von hochsensitiven\/hochsensiblen Kindern und Jugendlichen und zeige M\u00f6glichkeiten auf, wie Sie Ihre Kinder f\u00fchren k\u00f6nnen, damit sie trotz Sensibilit\u00e4t in unserer Gesellschaft anerkannt und gesch\u00e4tzt werden.<\/p>\n","protected":false},"author":1,"featured_media":0,"parent":0,"menu_order":0,"comment_status":"closed","ping_status":"closed","template":"","meta":{"footnotes":""},"class_list":["post-23","page","type-page","status-publish","hentry"],"yoast_head":"<!-- This site is optimized with the Yoast SEO plugin v18.2 - https:\/\/yoast.com\/wordpress\/plugins\/seo\/ -->\n<title>Angebote - Netzwerk<\/title>\n<meta name=\"robots\" content=\"index, follow, max-snippet:-1, max-image-preview:large, max-video-preview:-1\" \/>\n<link rel=\"canonical\" href=\"https:\/\/institut33.at\/?page_id=23\" \/>\n<meta property=\"og:locale\" content=\"de_DE\" \/>\n<meta property=\"og:type\" content=\"article\" \/>\n<meta property=\"og:title\" content=\"Angebote - Netzwerk\" \/>\n<meta property=\"og:description\" content=\"Angebote &nbsp; C\u00e4cilia Brodesser bietet fallweise folgendes an: - Lesungen - Vortr\u00e4ge \u00fcber &quot;Kinder der Neuen Zeit&quot; - Telefonische Beratung &nbsp; &nbsp; Lesung zum Buch 1: Die Autorin m\u00f6chte Ihnen bei dieser Lesung wertvolle Erfahrungen, die sie als Mutter, P\u00e4dagogin und Leiterin des Institut33 machen durfte, mitgeben. Sie f\u00fchrt sie in die Welt der neuen Kinder ein und holt viele Tipps und Tricks aus ihrer Schatzkiste! &nbsp; Lesung zum Buch 2: Bei dieser Buchpr\u00e4sentation gibt ihnen die Autorin wertvolle Anregungen, die das Zusammenleben mit den Kindern der neuen Zeit erleichtern und bereichern sollen. Meist gen\u00fcgen einfache Techniken und Methoden, um Konflikte zu bereinigen und neue Wege eines friedlichen Miteinanders zu finden! Kinder der neuen Zeit: In diesem Vortrag erhalten Sie einen \u00dcberblick \u00fcber die Kinder der neuen Zeit. Es wird besonders auf ihre Eigenschaften und Charaktermerkmale eingegangen und in der Folge heraus gearbeitet, wie wir als Erwachsene mit ihnen umgehen sollten. Vortrag f\u00fcr Erwachsene \u00fcber hochsensitive\/hochsensible Kinder und Jugendliche: In diesem Vortrag gebe ich Ihnen eine \u00dcbersicht \u00fcber die wertvollen Eigenschaften von hochsensitiven\/hochsensiblen Kindern und Jugendlichen und zeige M\u00f6glichkeiten auf, wie Sie Ihre Kinder f\u00fchren k\u00f6nnen, damit sie trotz Sensibilit\u00e4t in unserer Gesellschaft anerkannt und gesch\u00e4tzt werden.\" \/>\n<meta property=\"og:url\" content=\"https:\/\/institut33.at\/?page_id=23\" \/>\n<meta property=\"og:site_name\" content=\"Netzwerk\" \/>\n<meta property=\"article:modified_time\" content=\"2022-03-15T20:15:34+00:00\" \/>\n<meta property=\"og:image\" content=\"https:\/\/institut33.at\/wp-content\/uploads\/2022\/03\/IMG_4532-225x300.jpg\" \/>\n<meta name=\"twitter:card\" content=\"summary_large_image\" \/>\n<meta name=\"twitter:label1\" content=\"Gesch\u00e4tzte Lesezeit\" \/>\n\t<meta name=\"twitter:data1\" content=\"1\u00a0Minute\" \/>\n<script type=\"application\/ld+json\" class=\"yoast-schema-graph\">{\"@context\":\"https:\/\/schema.org\",\"@graph\":[{\"@type\":\"WebSite\",\"@id\":\"https:\/\/institut33.at\/#website\",\"url\":\"https:\/\/institut33.at\/\",\"name\":\"Netzwerk\",\"description\":\"von C\u00e4cilia Brodesser\",\"potentialAction\":[{\"@type\":\"SearchAction\",\"target\":{\"@type\":\"EntryPoint\",\"urlTemplate\":\"https:\/\/institut33.at\/?s={search_term_string}\"},\"query-input\":\"required name=search_term_string\"}],\"inLanguage\":\"de\"},{\"@type\":\"ImageObject\",\"@id\":\"https:\/\/institut33.at\/?page_id=23#primaryimage\",\"inLanguage\":\"de\",\"url\":\"https:\/\/institut33.at\/wp-content\/uploads\/2022\/03\/IMG_4532.jpg\",\"contentUrl\":\"https:\/\/institut33.at\/wp-content\/uploads\/2022\/03\/IMG_4532.jpg\",\"width\":576,\"height\":768},{\"@type\":\"WebPage\",\"@id\":\"https:\/\/institut33.at\/?page_id=23#webpage\",\"url\":\"https:\/\/institut33.at\/?page_id=23\",\"name\":\"Angebote - Netzwerk\",\"isPartOf\":{\"@id\":\"https:\/\/institut33.at\/#website\"},\"primaryImageOfPage\":{\"@id\":\"https:\/\/institut33.at\/?page_id=23#primaryimage\"},\"datePublished\":\"2022-03-07T10:29:37+00:00\",\"dateModified\":\"2022-03-15T20:15:34+00:00\",\"breadcrumb\":{\"@id\":\"https:\/\/institut33.at\/?page_id=23#breadcrumb\"},\"inLanguage\":\"de\",\"potentialAction\":[{\"@type\":\"ReadAction\",\"target\":[\"https:\/\/institut33.at\/?page_id=23\"]}]},{\"@type\":\"BreadcrumbList\",\"@id\":\"https:\/\/institut33.at\/?page_id=23#breadcrumb\",\"itemListElement\":[{\"@type\":\"ListItem\",\"position\":1,\"name\":\"Startseite\",\"item\":\"https:\/\/institut33.at\/\"},{\"@type\":\"ListItem\",\"position\":2,\"name\":\"Angebote\"}]}]}<\/script>\n<!-- \/ Yoast SEO plugin. -->","yoast_head_json":{"title":"Angebote - Netzwerk","robots":{"index":"index","follow":"follow","max-snippet":"max-snippet:-1","max-image-preview":"max-image-preview:large","max-video-preview":"max-video-preview:-1"},"canonical":"https:\/\/institut33.at\/?page_id=23","og_locale":"de_DE","og_type":"article","og_title":"Angebote - Netzwerk","og_description":"Angebote &nbsp; C\u00e4cilia Brodesser bietet fallweise folgendes an: - Lesungen - Vortr\u00e4ge \u00fcber \"Kinder der Neuen Zeit\" - Telefonische Beratung &nbsp; &nbsp; Lesung zum Buch 1: Die Autorin m\u00f6chte Ihnen bei dieser Lesung wertvolle Erfahrungen, die sie als Mutter, P\u00e4dagogin und Leiterin des Institut33 machen durfte, mitgeben. Sie f\u00fchrt sie in die Welt der neuen Kinder ein und holt viele Tipps und Tricks aus ihrer Schatzkiste! &nbsp; Lesung zum Buch 2: Bei dieser Buchpr\u00e4sentation gibt ihnen die Autorin wertvolle Anregungen, die das Zusammenleben mit den Kindern der neuen Zeit erleichtern und bereichern sollen. Meist gen\u00fcgen einfache Techniken und Methoden, um Konflikte zu bereinigen und neue Wege eines friedlichen Miteinanders zu finden! Kinder der neuen Zeit: In diesem Vortrag erhalten Sie einen \u00dcberblick \u00fcber die Kinder der neuen Zeit. Es wird besonders auf ihre Eigenschaften und Charaktermerkmale eingegangen und in der Folge heraus gearbeitet, wie wir als Erwachsene mit ihnen umgehen sollten. Vortrag f\u00fcr Erwachsene \u00fcber hochsensitive\/hochsensible Kinder und Jugendliche: In diesem Vortrag gebe ich Ihnen eine \u00dcbersicht \u00fcber die wertvollen Eigenschaften von hochsensitiven\/hochsensiblen Kindern und Jugendlichen und zeige M\u00f6glichkeiten auf, wie Sie Ihre Kinder f\u00fchren k\u00f6nnen, damit sie trotz Sensibilit\u00e4t in unserer Gesellschaft anerkannt und gesch\u00e4tzt werden.","og_url":"https:\/\/institut33.at\/?page_id=23","og_site_name":"Netzwerk","article_modified_time":"2022-03-15T20:15:34+00:00","og_image":[{"url":"https:\/\/institut33.at\/wp-content\/uploads\/2022\/03\/IMG_4532-225x300.jpg"}],"twitter_card":"summary_large_image","twitter_misc":{"Gesch\u00e4tzte Lesezeit":"1\u00a0Minute"},"schema":{"@context":"https:\/\/schema.org","@graph":[{"@type":"WebSite","@id":"https:\/\/institut33.at\/#website","url":"https:\/\/institut33.at\/","name":"Netzwerk","description":"von C\u00e4cilia Brodesser","potentialAction":[{"@type":"SearchAction","target":{"@type":"EntryPoint","urlTemplate":"https:\/\/institut33.at\/?s={search_term_string}"},"query-input":"required name=search_term_string"}],"inLanguage":"de"},{"@type":"ImageObject","@id":"https:\/\/institut33.at\/?page_id=23#primaryimage","inLanguage":"de","url":"https:\/\/institut33.at\/wp-content\/uploads\/2022\/03\/IMG_4532.jpg","contentUrl":"https:\/\/institut33.at\/wp-content\/uploads\/2022\/03\/IMG_4532.jpg","width":576,"height":768},{"@type":"WebPage","@id":"https:\/\/institut33.at\/?page_id=23#webpage","url":"https:\/\/institut33.at\/?page_id=23","name":"Angebote - Netzwerk","isPartOf":{"@id":"https:\/\/institut33.at\/#website"},"primaryImageOfPage":{"@id":"https:\/\/institut33.at\/?page_id=23#primaryimage"},"datePublished":"2022-03-07T10:29:37+00:00","dateModified":"2022-03-15T20:15:34+00:00","breadcrumb":{"@id":"https:\/\/institut33.at\/?page_id=23#breadcrumb"},"inLanguage":"de","potentialAction":[{"@type":"ReadAction","target":["https:\/\/institut33.at\/?page_id=23"]}]},{"@type":"BreadcrumbList","@id":"https:\/\/institut33.at\/?page_id=23#breadcrumb","itemListElement":[{"@type":"ListItem","position":1,"name":"Startseite","item":"https:\/\/institut33.at\/"},{"@type":"ListItem","position":2,"name":"Angebote"}]}]}},"_links":{"self":[{"href":"https:\/\/institut33.at\/index.php?rest_route=\/wp\/v2\/pages\/23","targetHints":{"allow":["GET"]}}],"collection":[{"href":"https:\/\/institut33.at\/index.php?rest_route=\/wp\/v2\/pages"}],"about":[{"href":"https:\/\/institut33.at\/index.php?rest_route=\/wp\/v2\/types\/page"}],"author":[{"embeddable":true,"href":"https:\/\/institut33.at\/index.php?rest_route=\/wp\/v2\/users\/1"}],"replies":[{"embeddable":true,"href":"https:\/\/institut33.at\/index.php?rest_route=%2Fwp%2Fv2%2Fcomments&post=23"}],"version-history":[{"count":9,"href":"https:\/\/institut33.at\/index.php?rest_route=\/wp\/v2\/pages\/23\/revisions"}],"predecessor-version":[{"id":197,"href":"https:\/\/institut33.at\/index.php?rest_route=\/wp\/v2\/pages\/23\/revisions\/197"}],"wp:attachment":[{"href":"https:\/\/institut33.at\/index.php?rest_route=%2Fwp%2Fv2%2Fmedia&parent=23"}],"curies":[{"name":"wp","href":"https:\/\/api.w.org\/{rel}","templated":true}]}}