{"id":183,"date":"2022-03-15T14:17:01","date_gmt":"2022-03-15T14:17:01","guid":{"rendered":"https:\/\/institut33.at\/?page_id=183"},"modified":"2022-03-15T20:21:32","modified_gmt":"2022-03-15T20:21:32","slug":"buchtipps","status":"publish","type":"page","link":"https:\/\/institut33.at\/?page_id=183","title":{"rendered":"Buchtipps"},"content":{"rendered":"<div id=\"pl-183\"  class=\"panel-layout\" ><div id=\"pg-183-0\"  class=\"panel-grid panel-no-style\" ><div id=\"pgc-183-0-0\"  class=\"panel-grid-cell\" ><div id=\"panel-183-0-0-0\" class=\"so-panel widget widget_sow-editor panel-first-child panel-last-child\" data-index=\"0\" ><div class=\"so-widget-sow-editor so-widget-sow-editor-base\">\n<div class=\"siteorigin-widget-tinymce textwidget\">\n\t<h2><span style=\"color: #000080;\">Buchtipps<\/span><\/h2>\n<p>&nbsp;<\/p>\n<p><span style=\"color: #000080;\">Susanne Weihs, Sophies Regenbogen - die Verbindung scheinbar getrennter Weltennovum eco Verlag<\/span><br \/>\n<span style=\"color: #000080;\">Ein Buch vom Erwachen einer Mutter<\/span><\/p>\n<p><span style=\"color: #000080;\">Lee Carroll und Jan Tober, Indigo Kinder , Koha Verlag<\/span><\/p>\n<p><span style=\"color: #000080;\">Die Kinder der neuen Zeit<\/span><br \/>\n<span style=\"color: #000080;\">Ava Minatti<\/span><br \/>\n<span style=\"color: #000080;\">Smaragd Verlag<\/span><br \/>\n<span style=\"color: #000080;\">f\u00fcr Vorschulalter!<\/span><\/p>\n<p><span style=\"color: #000080;\">Praxisbuch f\u00fcr die Kinder der Neuen Zeit<\/span><br \/>\n<span style=\"color: #000080;\">Ava Minatti<\/span><br \/>\n<span style=\"color: #000080;\">Smaragd Verlag<\/span><\/p>\n<p><span style=\"color: #000080;\">Indigo-Schulen<\/span><br \/>\n<span style=\"color: #000080;\">Paul Dong und Thomas Raffill<\/span><br \/>\n<span style=\"color: #000080;\">Koha Verlag<\/span><br \/>\n<span style=\"color: #000080;\">chinesischeTrainingsmethoden usw.!<\/span><\/p>\n<p><span style=\"color: #000080;\">Das intuitive Kind<\/span><br \/>\n<span style=\"color: #000080;\">Berend Jager<\/span><br \/>\n<span style=\"color: #000080;\">Aurum<\/span><\/p>\n<p><span style=\"color: #000080;\">Hochsensible Kinder<\/span><br \/>\n<span style=\"color: #000080;\">Antje Gertrud Hofmann<\/span><br \/>\n<span style=\"color: #000080;\">Aurum<\/span><\/p>\n<p><span style=\"color: #000080;\">Lebensqualit\u00e4t f\u00fcr Kinder und andere Menschen<\/span><br \/>\n<span style=\"color: #000080;\">Rebeca Wild<\/span><br \/>\n<span style=\"color: #000080;\">Beltz<\/span><\/p>\n<p><span style=\"color: #000080;\">Wie Kinder lernen<\/span><br \/>\n<span style=\"color: #000080;\">Dawna Markova<\/span><br \/>\n<span style=\"color: #000080;\">VAK Verlags GmbH<\/span><\/p>\n<p><span style=\"color: #000080;\">Die Entdeckung des M\u00f6glichen\u00a0Dawna Markova<\/span><br \/>\n<span style=\"color: #000080;\">VAK Verlags GmbH<\/span><br \/>\n<span style=\"color: #000080;\">Unterschiedliches Denken, lernen, kommunizieren<\/span><\/p>\n<p><span style=\"color: #000080;\">Energie durch Bewegung\u00a0Kim da Silva\/Do- Ri Rydl<\/span><br \/>\n<span style=\"color: #000080;\">hpt extra<\/span><\/p>\n<p><span style=\"color: #000080;\">Kinesiologie als Erziehungs- und Lernhilfe<\/span><br \/>\n<span style=\"color: #000080;\">Jutta Lutz<\/span><br \/>\n<span style=\"color: #000080;\">Wiener Verlag<\/span><\/p>\n<p><span style=\"color: #000080;\">Mototherapeutische Arbeit mit hyperaktiven Kindern<\/span><br \/>\n<span style=\"color: #000080;\">Michael Passolt<\/span><br \/>\n<span style=\"color: #000080;\">Ernst Reinhardt Verlag<\/span><\/p>\n<p><span style=\"color: #000080;\">Waldorf Schulen<\/span><br \/>\n<span style=\"color: #000080;\">Christoph Lindenberg<\/span><br \/>\n<span style=\"color: #000080;\">Rowohlt<\/span><\/p>\n<p><span style=\"color: #000080;\">Die Entdeckung des Kindes<\/span><br \/>\n<span style=\"color: #000080;\">Maria Montessori<\/span><br \/>\n<span style=\"color: #000080;\">Herder<\/span><\/p>\n<p><span style=\"color: #000080;\">Kosmische Erziehung<\/span><br \/>\n<span style=\"color: #000080;\">Maria Montessori<\/span><br \/>\n<span style=\"color: #000080;\">Herder<\/span><\/p>\n<p><span style=\"color: #000080;\">Kryons Erz\u00e4hlungen\u00a0Lee Carroll<\/span><br \/>\n<span style=\"color: #000080;\">Koha Verlag<\/span><\/p>\n<p><span style=\"color: #000080;\">Die Kinder des neuen Jahrtausends<\/span><br \/>\n<span style=\"color: #000080;\">U.Holey<\/span><br \/>\n<span style=\"color: #000080;\">Ama Deus<\/span><br \/>\n<span style=\"color: #000080;\">eher esoterisch<\/span><\/p>\n<p><span style=\"color: #000080;\">Ich komm\u00b4 aus der Sonne\u00a0Flavio<\/span><br \/>\n<span style=\"color: #000080;\">ISBN 3-924161-72-0<\/span><\/p>\n<p><span style=\"color: #000080;\">Kinder einer neuen Zeit<\/span><br \/>\n<span style=\"color: #000080;\">Carolina Hehenkamp<\/span><br \/>\n<span style=\"color: #000080;\">Schirner<\/span><br \/>\n<span style=\"color: #000080;\">versch. Erscheinungsformen, Unterschiede zu Hyperakt.<\/span><\/p>\n<p><span style=\"color: #000080;\">Ratgeber f\u00fcr Kinder\u00a0Carolina Hehenkamp<\/span><br \/>\n<span style=\"color: #000080;\">Schirner<\/span><\/p>\n<p><span style=\"color: #000080;\">Die unbeachteten Genies<\/span><br \/>\n<span style=\"color: #000080;\">Michael Hollenbach<\/span><br \/>\n<span style=\"color: #000080;\">Fischer<\/span><br \/>\n<span style=\"color: #000080;\">Erfahrungen aus DE-Schulen, Betroffene<\/span><\/p>\n<p><span style=\"color: #000080;\">Mototherapeutische Arbeit mit hyperaktiven Kindern<\/span><br \/>\n<span style=\"color: #000080;\">Carol Bowman<\/span><br \/>\n<span style=\"color: #000080;\">Heyne B\u00fccher<\/span><br \/>\n<span style=\"color: #000080;\">Kinder erinnern sich an fr\u00fchere Leben<\/span><\/p>\n<p><span style=\"color: #000080;\">Lasst mir Zeit\u00a0Emmi Pikler<\/span><br \/>\n<span style=\"color: #000080;\">Pflaum Verlag M\u00fcnchen<\/span><br \/>\n<span style=\"color: #000080;\">\u00a0VAK Verlags GmbH<\/span><\/p>\n<p><span style=\"color: #000080;\">Befreite Bahnen<\/span><br \/>\n<span style=\"color: #000080;\">Paul E.Dennison<\/span><br \/>\n<span style=\"color: #000080;\">Edu-Kinestetic<\/span><\/p>\n<p><span style=\"color: #000080;\">John Diamond<\/span><br \/>\n<span style=\"color: #000080;\">VAK Verlags GmbH<\/span><br \/>\n<span style=\"color: #000080;\">Behaviorale Kinesiologie<\/span><\/p>\n<p><span style=\"color: #000080;\">Vision einer Schule der Zukunft\u00a0Fenwick W. English &amp; John C.Hill<\/span><br \/>\n<span style=\"color: #000080;\">Mit K.wachsen Verlag<\/span><br \/>\n<span style=\"color: #000080;\">Transformation von Schulen in Lernzentren<\/span><\/p>\n<\/div>\n<\/div><\/div><\/div><\/div><\/div>","protected":false},"excerpt":{"rendered":"<p>Buchtipps &nbsp; Susanne Weihs, Sophies Regenbogen &#8211; die Verbindung scheinbar getrennter Weltennovum eco Verlag Ein Buch vom Erwachen einer Mutter Lee Carroll und Jan Tober, Indigo Kinder , Koha Verlag Die Kinder der neuen Zeit Ava Minatti Smaragd Verlag f\u00fcr Vorschulalter! Praxisbuch f\u00fcr die Kinder der Neuen Zeit Ava Minatti Smaragd Verlag Indigo-Schulen Paul Dong und Thomas Raffill Koha Verlag chinesischeTrainingsmethoden usw.! Das intuitive Kind Berend Jager Aurum Hochsensible Kinder Antje Gertrud Hofmann Aurum Lebensqualit\u00e4t f\u00fcr Kinder und andere Menschen Rebeca Wild Beltz Wie Kinder lernen Dawna Markova VAK Verlags GmbH Die Entdeckung des M\u00f6glichen\u00a0Dawna Markova VAK Verlags GmbH Unterschiedliches Denken, lernen, kommunizieren Energie durch Bewegung\u00a0Kim da Silva\/Do- Ri Rydl hpt extra Kinesiologie als Erziehungs- und Lernhilfe Jutta Lutz Wiener Verlag Mototherapeutische Arbeit mit hyperaktiven Kindern Michael Passolt Ernst Reinhardt Verlag Waldorf Schulen Christoph Lindenberg Rowohlt Die Entdeckung des Kindes Maria Montessori Herder Kosmische Erziehung Maria Montessori Herder Kryons Erz\u00e4hlungen\u00a0Lee Carroll Koha Verlag Die Kinder des neuen Jahrtausends U.Holey Ama Deus eher esoterisch Ich komm\u00b4 aus der Sonne\u00a0Flavio ISBN 3-924161-72-0 Kinder einer neuen Zeit Carolina Hehenkamp Schirner versch. Erscheinungsformen, Unterschiede zu Hyperakt. Ratgeber f\u00fcr Kinder\u00a0Carolina Hehenkamp Schirner Die unbeachteten Genies Michael Hollenbach Fischer Erfahrungen aus DE-Schulen, Betroffene Mototherapeutische Arbeit mit hyperaktiven Kindern Carol Bowman Heyne B\u00fccher Kinder erinnern sich an fr\u00fchere Leben Lasst mir Zeit\u00a0Emmi Pikler Pflaum Verlag M\u00fcnchen \u00a0VAK Verlags GmbH Befreite Bahnen Paul E.Dennison Edu-Kinestetic John Diamond VAK Verlags GmbH Behaviorale Kinesiologie Vision einer Schule der Zukunft\u00a0Fenwick W. English &amp; John C.Hill Mit K.wachsen Verlag Transformation von Schulen in Lernzentren<\/p>\n","protected":false},"author":1,"featured_media":0,"parent":0,"menu_order":0,"comment_status":"closed","ping_status":"closed","template":"","meta":{"footnotes":""},"class_list":["post-183","page","type-page","status-publish","hentry"],"yoast_head":"<!-- This site is optimized with the Yoast SEO plugin v18.2 - https:\/\/yoast.com\/wordpress\/plugins\/seo\/ -->\n<title>Buchtipps - Netzwerk<\/title>\n<meta name=\"robots\" content=\"index, follow, max-snippet:-1, max-image-preview:large, max-video-preview:-1\" \/>\n<link rel=\"canonical\" href=\"https:\/\/institut33.at\/?page_id=183\" \/>\n<meta property=\"og:locale\" content=\"de_DE\" \/>\n<meta property=\"og:type\" content=\"article\" \/>\n<meta property=\"og:title\" content=\"Buchtipps - Netzwerk\" \/>\n<meta property=\"og:description\" content=\"Buchtipps &nbsp; Susanne Weihs, Sophies Regenbogen - die Verbindung scheinbar getrennter Weltennovum eco Verlag Ein Buch vom Erwachen einer Mutter Lee Carroll und Jan Tober, Indigo Kinder , Koha Verlag Die Kinder der neuen Zeit Ava Minatti Smaragd Verlag f\u00fcr Vorschulalter! Praxisbuch f\u00fcr die Kinder der Neuen Zeit Ava Minatti Smaragd Verlag Indigo-Schulen Paul Dong und Thomas Raffill Koha Verlag chinesischeTrainingsmethoden usw.! Das intuitive Kind Berend Jager Aurum Hochsensible Kinder Antje Gertrud Hofmann Aurum Lebensqualit\u00e4t f\u00fcr Kinder und andere Menschen Rebeca Wild Beltz Wie Kinder lernen Dawna Markova VAK Verlags GmbH Die Entdeckung des M\u00f6glichen\u00a0Dawna Markova VAK Verlags GmbH Unterschiedliches Denken, lernen, kommunizieren Energie durch Bewegung\u00a0Kim da Silva\/Do- Ri Rydl hpt extra Kinesiologie als Erziehungs- und Lernhilfe Jutta Lutz Wiener Verlag Mototherapeutische Arbeit mit hyperaktiven Kindern Michael Passolt Ernst Reinhardt Verlag Waldorf Schulen Christoph Lindenberg Rowohlt Die Entdeckung des Kindes Maria Montessori Herder Kosmische Erziehung Maria Montessori Herder Kryons Erz\u00e4hlungen\u00a0Lee Carroll Koha Verlag Die Kinder des neuen Jahrtausends U.Holey Ama Deus eher esoterisch Ich komm\u00b4 aus der Sonne\u00a0Flavio ISBN 3-924161-72-0 Kinder einer neuen Zeit Carolina Hehenkamp Schirner versch. Erscheinungsformen, Unterschiede zu Hyperakt. Ratgeber f\u00fcr Kinder\u00a0Carolina Hehenkamp Schirner Die unbeachteten Genies Michael Hollenbach Fischer Erfahrungen aus DE-Schulen, Betroffene Mototherapeutische Arbeit mit hyperaktiven Kindern Carol Bowman Heyne B\u00fccher Kinder erinnern sich an fr\u00fchere Leben Lasst mir Zeit\u00a0Emmi Pikler Pflaum Verlag M\u00fcnchen \u00a0VAK Verlags GmbH Befreite Bahnen Paul E.Dennison Edu-Kinestetic John Diamond VAK Verlags GmbH Behaviorale Kinesiologie Vision einer Schule der Zukunft\u00a0Fenwick W. English &amp; John C.Hill Mit K.wachsen Verlag Transformation von Schulen in Lernzentren\" \/>\n<meta property=\"og:url\" content=\"https:\/\/institut33.at\/?page_id=183\" \/>\n<meta property=\"og:site_name\" content=\"Netzwerk\" \/>\n<meta property=\"article:modified_time\" content=\"2022-03-15T20:21:32+00:00\" \/>\n<meta name=\"twitter:card\" content=\"summary_large_image\" \/>\n<meta name=\"twitter:label1\" content=\"Gesch\u00e4tzte Lesezeit\" \/>\n\t<meta name=\"twitter:data1\" content=\"1\u00a0Minute\" \/>\n<script type=\"application\/ld+json\" class=\"yoast-schema-graph\">{\"@context\":\"https:\/\/schema.org\",\"@graph\":[{\"@type\":\"WebSite\",\"@id\":\"https:\/\/institut33.at\/#website\",\"url\":\"https:\/\/institut33.at\/\",\"name\":\"Netzwerk\",\"description\":\"von C\u00e4cilia Brodesser\",\"potentialAction\":[{\"@type\":\"SearchAction\",\"target\":{\"@type\":\"EntryPoint\",\"urlTemplate\":\"https:\/\/institut33.at\/?s={search_term_string}\"},\"query-input\":\"required name=search_term_string\"}],\"inLanguage\":\"de\"},{\"@type\":\"WebPage\",\"@id\":\"https:\/\/institut33.at\/?page_id=183#webpage\",\"url\":\"https:\/\/institut33.at\/?page_id=183\",\"name\":\"Buchtipps - Netzwerk\",\"isPartOf\":{\"@id\":\"https:\/\/institut33.at\/#website\"},\"datePublished\":\"2022-03-15T14:17:01+00:00\",\"dateModified\":\"2022-03-15T20:21:32+00:00\",\"breadcrumb\":{\"@id\":\"https:\/\/institut33.at\/?page_id=183#breadcrumb\"},\"inLanguage\":\"de\",\"potentialAction\":[{\"@type\":\"ReadAction\",\"target\":[\"https:\/\/institut33.at\/?page_id=183\"]}]},{\"@type\":\"BreadcrumbList\",\"@id\":\"https:\/\/institut33.at\/?page_id=183#breadcrumb\",\"itemListElement\":[{\"@type\":\"ListItem\",\"position\":1,\"name\":\"Startseite\",\"item\":\"https:\/\/institut33.at\/\"},{\"@type\":\"ListItem\",\"position\":2,\"name\":\"Buchtipps\"}]}]}<\/script>\n<!-- \/ Yoast SEO plugin. -->","yoast_head_json":{"title":"Buchtipps - Netzwerk","robots":{"index":"index","follow":"follow","max-snippet":"max-snippet:-1","max-image-preview":"max-image-preview:large","max-video-preview":"max-video-preview:-1"},"canonical":"https:\/\/institut33.at\/?page_id=183","og_locale":"de_DE","og_type":"article","og_title":"Buchtipps - Netzwerk","og_description":"Buchtipps &nbsp; Susanne Weihs, Sophies Regenbogen - die Verbindung scheinbar getrennter Weltennovum eco Verlag Ein Buch vom Erwachen einer Mutter Lee Carroll und Jan Tober, Indigo Kinder , Koha Verlag Die Kinder der neuen Zeit Ava Minatti Smaragd Verlag f\u00fcr Vorschulalter! Praxisbuch f\u00fcr die Kinder der Neuen Zeit Ava Minatti Smaragd Verlag Indigo-Schulen Paul Dong und Thomas Raffill Koha Verlag chinesischeTrainingsmethoden usw.! Das intuitive Kind Berend Jager Aurum Hochsensible Kinder Antje Gertrud Hofmann Aurum Lebensqualit\u00e4t f\u00fcr Kinder und andere Menschen Rebeca Wild Beltz Wie Kinder lernen Dawna Markova VAK Verlags GmbH Die Entdeckung des M\u00f6glichen\u00a0Dawna Markova VAK Verlags GmbH Unterschiedliches Denken, lernen, kommunizieren Energie durch Bewegung\u00a0Kim da Silva\/Do- Ri Rydl hpt extra Kinesiologie als Erziehungs- und Lernhilfe Jutta Lutz Wiener Verlag Mototherapeutische Arbeit mit hyperaktiven Kindern Michael Passolt Ernst Reinhardt Verlag Waldorf Schulen Christoph Lindenberg Rowohlt Die Entdeckung des Kindes Maria Montessori Herder Kosmische Erziehung Maria Montessori Herder Kryons Erz\u00e4hlungen\u00a0Lee Carroll Koha Verlag Die Kinder des neuen Jahrtausends U.Holey Ama Deus eher esoterisch Ich komm\u00b4 aus der Sonne\u00a0Flavio ISBN 3-924161-72-0 Kinder einer neuen Zeit Carolina Hehenkamp Schirner versch. Erscheinungsformen, Unterschiede zu Hyperakt. Ratgeber f\u00fcr Kinder\u00a0Carolina Hehenkamp Schirner Die unbeachteten Genies Michael Hollenbach Fischer Erfahrungen aus DE-Schulen, Betroffene Mototherapeutische Arbeit mit hyperaktiven Kindern Carol Bowman Heyne B\u00fccher Kinder erinnern sich an fr\u00fchere Leben Lasst mir Zeit\u00a0Emmi Pikler Pflaum Verlag M\u00fcnchen \u00a0VAK Verlags GmbH Befreite Bahnen Paul E.Dennison Edu-Kinestetic John Diamond VAK Verlags GmbH Behaviorale Kinesiologie Vision einer Schule der Zukunft\u00a0Fenwick W. English &amp; John C.Hill Mit K.wachsen Verlag Transformation von Schulen in Lernzentren","og_url":"https:\/\/institut33.at\/?page_id=183","og_site_name":"Netzwerk","article_modified_time":"2022-03-15T20:21:32+00:00","twitter_card":"summary_large_image","twitter_misc":{"Gesch\u00e4tzte Lesezeit":"1\u00a0Minute"},"schema":{"@context":"https:\/\/schema.org","@graph":[{"@type":"WebSite","@id":"https:\/\/institut33.at\/#website","url":"https:\/\/institut33.at\/","name":"Netzwerk","description":"von C\u00e4cilia Brodesser","potentialAction":[{"@type":"SearchAction","target":{"@type":"EntryPoint","urlTemplate":"https:\/\/institut33.at\/?s={search_term_string}"},"query-input":"required name=search_term_string"}],"inLanguage":"de"},{"@type":"WebPage","@id":"https:\/\/institut33.at\/?page_id=183#webpage","url":"https:\/\/institut33.at\/?page_id=183","name":"Buchtipps - Netzwerk","isPartOf":{"@id":"https:\/\/institut33.at\/#website"},"datePublished":"2022-03-15T14:17:01+00:00","dateModified":"2022-03-15T20:21:32+00:00","breadcrumb":{"@id":"https:\/\/institut33.at\/?page_id=183#breadcrumb"},"inLanguage":"de","potentialAction":[{"@type":"ReadAction","target":["https:\/\/institut33.at\/?page_id=183"]}]},{"@type":"BreadcrumbList","@id":"https:\/\/institut33.at\/?page_id=183#breadcrumb","itemListElement":[{"@type":"ListItem","position":1,"name":"Startseite","item":"https:\/\/institut33.at\/"},{"@type":"ListItem","position":2,"name":"Buchtipps"}]}]}},"_links":{"self":[{"href":"https:\/\/institut33.at\/index.php?rest_route=\/wp\/v2\/pages\/183","targetHints":{"allow":["GET"]}}],"collection":[{"href":"https:\/\/institut33.at\/index.php?rest_route=\/wp\/v2\/pages"}],"about":[{"href":"https:\/\/institut33.at\/index.php?rest_route=\/wp\/v2\/types\/page"}],"author":[{"embeddable":true,"href":"https:\/\/institut33.at\/index.php?rest_route=\/wp\/v2\/users\/1"}],"replies":[{"embeddable":true,"href":"https:\/\/institut33.at\/index.php?rest_route=%2Fwp%2Fv2%2Fcomments&post=183"}],"version-history":[{"count":2,"href":"https:\/\/institut33.at\/index.php?rest_route=\/wp\/v2\/pages\/183\/revisions"}],"predecessor-version":[{"id":209,"href":"https:\/\/institut33.at\/index.php?rest_route=\/wp\/v2\/pages\/183\/revisions\/209"}],"wp:attachment":[{"href":"https:\/\/institut33.at\/index.php?rest_route=%2Fwp%2Fv2%2Fmedia&parent=183"}],"curies":[{"name":"wp","href":"https:\/\/api.w.org\/{rel}","templated":true}]}}