{"id":181,"date":"2022-03-15T14:11:43","date_gmt":"2022-03-15T14:11:43","guid":{"rendered":"https:\/\/institut33.at\/?page_id=181"},"modified":"2022-03-15T20:22:05","modified_gmt":"2022-03-15T20:22:05","slug":"feedbacks-zu-den-buechern","status":"publish","type":"page","link":"https:\/\/institut33.at\/?page_id=181","title":{"rendered":"Feedbacks zu den B\u00fcchern"},"content":{"rendered":"<div id=\"pl-181\"  class=\"panel-layout\" ><div id=\"pg-181-0\"  class=\"panel-grid panel-no-style\" ><div id=\"pgc-181-0-0\"  class=\"panel-grid-cell\" ><div id=\"panel-181-0-0-0\" class=\"so-panel widget widget_sow-editor panel-first-child panel-last-child\" data-index=\"0\" ><div class=\"so-widget-sow-editor so-widget-sow-editor-base\">\n<div class=\"siteorigin-widget-tinymce textwidget\">\n\t<h2><span style=\"color: #000080;\">Feedbacks zu den B\u00fcchern<\/span><\/h2>\n<p>&nbsp;<\/p>\n<p><span style=\"color: #000080;\">Liebe C\u00e4cilia!<\/span><\/p>\n<p><span style=\"color: #000080;\">Ich finde ihn sehr ansprechend, besonders durch die vielen pers\u00f6nlichen Erfahrungen, die du einflie\u00dfen l\u00e4sst,<\/span><\/p>\n<p><span style=\"color: #000080;\">er ist sehr praxisbezogen und sehr leicht verst\u00e4ndlich. Die vielen praktischen Anregungen sind leicht umsetzbar.<\/span><\/p>\n<p><span style=\"color: #000080;\">Der Ratgeber ist sehr einf\u00fchlsam, konkret und einfach.<\/span><\/p>\n<p><span style=\"color: #000080;\">Ganz fein finde ich, dass die Aussage jedes Tipps nochmals in einem Satz zusammengefasst ist und eingerahmt<\/span><\/p>\n<p><span style=\"color: #000080;\">wurde - das vermittelt dem Leser Klarheit und erleichtert die praktische Umsetzung.<\/span><\/p>\n<p><span style=\"color: #000080;\">Die Symbole der Karten finde ich sehr ansprechend und passend - ich mag den Einsatz von Karten sehr, weil ich<\/span><\/p>\n<p><span style=\"color: #000080;\">so sehr intuitiv zu meinem Thema, das f\u00fcr mich gerade aktuell ist, gef\u00fchrt werde. Es ist f\u00fcr mich ein sehr pers\u00f6nlicher<\/span><\/p>\n<p><span style=\"color: #000080;\">Zugang zu den Themen, die mir meine eigenen Kinder, aber auch alle anderen Kinder spiegeln, die ich mir genauer<\/span><\/p>\n<p><span style=\"color: #000080;\">ansehen sollte. . .<\/span><\/p>\n<p><span style=\"color: #000080;\">Der Ratgeber bietet auch viele einfache Hilfen f\u00fcr den Alltag, ist Unterst\u00fctzung f\u00fcr Menschen, die sich f\u00fcr einen<\/span><\/p>\n<p><span style=\"color: #000080;\">bewussten Umgang mit Kindern entschieden haben.<\/span><\/p>\n<p><span style=\"color: #000080;\">DANKE F\u00dcR DEINE M\u00dcHE!!!<\/span><\/p>\n<p><span style=\"color: #000080;\">Ich schick dir ganz viele liebe Gr\u00fc\u00dfe und viele Sonnenstrahlen!!!<\/span><\/p>\n<p><span style=\"color: #000080;\">Edith \ud83d\ude42<\/span><\/p>\n<p><span style=\"color: #000080;\">____________________________________________________________<\/span><\/p>\n<p><span style=\"color: #000080;\">Mit Begeisterung hab ich ihr Buch \"33 Tipps f\u00fcr den Umgang mit Kindern der neuen Zeit\" gelesen und\u00a0 viele Anregungen f\u00fcr mich und meine 3-j\u00e4hrige Tochter gefunden.<\/span><\/p>\n<p><span style=\"color: #000080;\">Eva Stadlmayr<\/span><\/p>\n<\/div>\n<\/div><\/div><\/div><\/div><\/div>","protected":false},"excerpt":{"rendered":"<p>Feedbacks zu den B\u00fcchern &nbsp; Liebe C\u00e4cilia! Ich finde ihn sehr ansprechend, besonders durch die vielen pers\u00f6nlichen Erfahrungen, die du einflie\u00dfen l\u00e4sst, er ist sehr praxisbezogen und sehr leicht verst\u00e4ndlich. Die vielen praktischen Anregungen sind leicht umsetzbar. Der Ratgeber ist sehr einf\u00fchlsam, konkret und einfach. Ganz fein finde ich, dass die Aussage jedes Tipps nochmals in einem Satz zusammengefasst ist und eingerahmt wurde &#8211; das vermittelt dem Leser Klarheit und erleichtert die praktische Umsetzung. Die Symbole der Karten finde ich sehr ansprechend und passend &#8211; ich mag den Einsatz von Karten sehr, weil ich so sehr intuitiv zu meinem Thema, das f\u00fcr mich gerade aktuell ist, gef\u00fchrt werde. Es ist f\u00fcr mich ein sehr pers\u00f6nlicher Zugang zu den Themen, die mir meine eigenen Kinder, aber auch alle anderen Kinder spiegeln, die ich mir genauer ansehen sollte. . . Der Ratgeber bietet auch viele einfache Hilfen f\u00fcr den Alltag, ist Unterst\u00fctzung f\u00fcr Menschen, die sich f\u00fcr einen bewussten Umgang mit Kindern entschieden haben. DANKE F\u00dcR DEINE M\u00dcHE!!! Ich schick dir ganz viele liebe Gr\u00fc\u00dfe und viele Sonnenstrahlen!!! Edith \ud83d\ude42 ____________________________________________________________ Mit Begeisterung hab ich ihr Buch &#8222;33 Tipps f\u00fcr den Umgang mit Kindern der neuen Zeit&#8220; gelesen und\u00a0 viele Anregungen f\u00fcr mich und meine 3-j\u00e4hrige Tochter gefunden. Eva Stadlmayr<\/p>\n","protected":false},"author":1,"featured_media":0,"parent":0,"menu_order":0,"comment_status":"closed","ping_status":"closed","template":"","meta":{"footnotes":""},"class_list":["post-181","page","type-page","status-publish","hentry"],"yoast_head":"<!-- This site is optimized with the Yoast SEO plugin v18.2 - https:\/\/yoast.com\/wordpress\/plugins\/seo\/ -->\n<title>Feedbacks zu den B\u00fcchern - Netzwerk<\/title>\n<meta name=\"robots\" content=\"index, follow, max-snippet:-1, max-image-preview:large, max-video-preview:-1\" \/>\n<link rel=\"canonical\" href=\"https:\/\/institut33.at\/?page_id=181\" \/>\n<meta property=\"og:locale\" content=\"de_DE\" \/>\n<meta property=\"og:type\" content=\"article\" \/>\n<meta property=\"og:title\" content=\"Feedbacks zu den B\u00fcchern - Netzwerk\" \/>\n<meta property=\"og:description\" content=\"Feedbacks zu den B\u00fcchern &nbsp; Liebe C\u00e4cilia! Ich finde ihn sehr ansprechend, besonders durch die vielen pers\u00f6nlichen Erfahrungen, die du einflie\u00dfen l\u00e4sst, er ist sehr praxisbezogen und sehr leicht verst\u00e4ndlich. Die vielen praktischen Anregungen sind leicht umsetzbar. Der Ratgeber ist sehr einf\u00fchlsam, konkret und einfach. Ganz fein finde ich, dass die Aussage jedes Tipps nochmals in einem Satz zusammengefasst ist und eingerahmt wurde - das vermittelt dem Leser Klarheit und erleichtert die praktische Umsetzung. Die Symbole der Karten finde ich sehr ansprechend und passend - ich mag den Einsatz von Karten sehr, weil ich so sehr intuitiv zu meinem Thema, das f\u00fcr mich gerade aktuell ist, gef\u00fchrt werde. Es ist f\u00fcr mich ein sehr pers\u00f6nlicher Zugang zu den Themen, die mir meine eigenen Kinder, aber auch alle anderen Kinder spiegeln, die ich mir genauer ansehen sollte. . . Der Ratgeber bietet auch viele einfache Hilfen f\u00fcr den Alltag, ist Unterst\u00fctzung f\u00fcr Menschen, die sich f\u00fcr einen bewussten Umgang mit Kindern entschieden haben. DANKE F\u00dcR DEINE M\u00dcHE!!! Ich schick dir ganz viele liebe Gr\u00fc\u00dfe und viele Sonnenstrahlen!!! Edith :-) ____________________________________________________________ Mit Begeisterung hab ich ihr Buch &quot;33 Tipps f\u00fcr den Umgang mit Kindern der neuen Zeit&quot; gelesen und\u00a0 viele Anregungen f\u00fcr mich und meine 3-j\u00e4hrige Tochter gefunden. Eva Stadlmayr\" \/>\n<meta property=\"og:url\" content=\"https:\/\/institut33.at\/?page_id=181\" \/>\n<meta property=\"og:site_name\" content=\"Netzwerk\" \/>\n<meta property=\"article:modified_time\" content=\"2022-03-15T20:22:05+00:00\" \/>\n<meta name=\"twitter:card\" content=\"summary_large_image\" \/>\n<meta name=\"twitter:label1\" content=\"Gesch\u00e4tzte Lesezeit\" \/>\n\t<meta name=\"twitter:data1\" content=\"1\u00a0Minute\" \/>\n<script type=\"application\/ld+json\" class=\"yoast-schema-graph\">{\"@context\":\"https:\/\/schema.org\",\"@graph\":[{\"@type\":\"WebSite\",\"@id\":\"https:\/\/institut33.at\/#website\",\"url\":\"https:\/\/institut33.at\/\",\"name\":\"Netzwerk\",\"description\":\"von C\u00e4cilia Brodesser\",\"potentialAction\":[{\"@type\":\"SearchAction\",\"target\":{\"@type\":\"EntryPoint\",\"urlTemplate\":\"https:\/\/institut33.at\/?s={search_term_string}\"},\"query-input\":\"required name=search_term_string\"}],\"inLanguage\":\"de\"},{\"@type\":\"WebPage\",\"@id\":\"https:\/\/institut33.at\/?page_id=181#webpage\",\"url\":\"https:\/\/institut33.at\/?page_id=181\",\"name\":\"Feedbacks zu den B\u00fcchern - Netzwerk\",\"isPartOf\":{\"@id\":\"https:\/\/institut33.at\/#website\"},\"datePublished\":\"2022-03-15T14:11:43+00:00\",\"dateModified\":\"2022-03-15T20:22:05+00:00\",\"breadcrumb\":{\"@id\":\"https:\/\/institut33.at\/?page_id=181#breadcrumb\"},\"inLanguage\":\"de\",\"potentialAction\":[{\"@type\":\"ReadAction\",\"target\":[\"https:\/\/institut33.at\/?page_id=181\"]}]},{\"@type\":\"BreadcrumbList\",\"@id\":\"https:\/\/institut33.at\/?page_id=181#breadcrumb\",\"itemListElement\":[{\"@type\":\"ListItem\",\"position\":1,\"name\":\"Startseite\",\"item\":\"https:\/\/institut33.at\/\"},{\"@type\":\"ListItem\",\"position\":2,\"name\":\"Feedbacks zu den B\u00fcchern\"}]}]}<\/script>\n<!-- \/ Yoast SEO plugin. -->","yoast_head_json":{"title":"Feedbacks zu den B\u00fcchern - Netzwerk","robots":{"index":"index","follow":"follow","max-snippet":"max-snippet:-1","max-image-preview":"max-image-preview:large","max-video-preview":"max-video-preview:-1"},"canonical":"https:\/\/institut33.at\/?page_id=181","og_locale":"de_DE","og_type":"article","og_title":"Feedbacks zu den B\u00fcchern - Netzwerk","og_description":"Feedbacks zu den B\u00fcchern &nbsp; Liebe C\u00e4cilia! Ich finde ihn sehr ansprechend, besonders durch die vielen pers\u00f6nlichen Erfahrungen, die du einflie\u00dfen l\u00e4sst, er ist sehr praxisbezogen und sehr leicht verst\u00e4ndlich. Die vielen praktischen Anregungen sind leicht umsetzbar. Der Ratgeber ist sehr einf\u00fchlsam, konkret und einfach. Ganz fein finde ich, dass die Aussage jedes Tipps nochmals in einem Satz zusammengefasst ist und eingerahmt wurde - das vermittelt dem Leser Klarheit und erleichtert die praktische Umsetzung. Die Symbole der Karten finde ich sehr ansprechend und passend - ich mag den Einsatz von Karten sehr, weil ich so sehr intuitiv zu meinem Thema, das f\u00fcr mich gerade aktuell ist, gef\u00fchrt werde. Es ist f\u00fcr mich ein sehr pers\u00f6nlicher Zugang zu den Themen, die mir meine eigenen Kinder, aber auch alle anderen Kinder spiegeln, die ich mir genauer ansehen sollte. . . Der Ratgeber bietet auch viele einfache Hilfen f\u00fcr den Alltag, ist Unterst\u00fctzung f\u00fcr Menschen, die sich f\u00fcr einen bewussten Umgang mit Kindern entschieden haben. DANKE F\u00dcR DEINE M\u00dcHE!!! Ich schick dir ganz viele liebe Gr\u00fc\u00dfe und viele Sonnenstrahlen!!! Edith :-) ____________________________________________________________ Mit Begeisterung hab ich ihr Buch \"33 Tipps f\u00fcr den Umgang mit Kindern der neuen Zeit\" gelesen und\u00a0 viele Anregungen f\u00fcr mich und meine 3-j\u00e4hrige Tochter gefunden. Eva Stadlmayr","og_url":"https:\/\/institut33.at\/?page_id=181","og_site_name":"Netzwerk","article_modified_time":"2022-03-15T20:22:05+00:00","twitter_card":"summary_large_image","twitter_misc":{"Gesch\u00e4tzte Lesezeit":"1\u00a0Minute"},"schema":{"@context":"https:\/\/schema.org","@graph":[{"@type":"WebSite","@id":"https:\/\/institut33.at\/#website","url":"https:\/\/institut33.at\/","name":"Netzwerk","description":"von C\u00e4cilia Brodesser","potentialAction":[{"@type":"SearchAction","target":{"@type":"EntryPoint","urlTemplate":"https:\/\/institut33.at\/?s={search_term_string}"},"query-input":"required name=search_term_string"}],"inLanguage":"de"},{"@type":"WebPage","@id":"https:\/\/institut33.at\/?page_id=181#webpage","url":"https:\/\/institut33.at\/?page_id=181","name":"Feedbacks zu den B\u00fcchern - Netzwerk","isPartOf":{"@id":"https:\/\/institut33.at\/#website"},"datePublished":"2022-03-15T14:11:43+00:00","dateModified":"2022-03-15T20:22:05+00:00","breadcrumb":{"@id":"https:\/\/institut33.at\/?page_id=181#breadcrumb"},"inLanguage":"de","potentialAction":[{"@type":"ReadAction","target":["https:\/\/institut33.at\/?page_id=181"]}]},{"@type":"BreadcrumbList","@id":"https:\/\/institut33.at\/?page_id=181#breadcrumb","itemListElement":[{"@type":"ListItem","position":1,"name":"Startseite","item":"https:\/\/institut33.at\/"},{"@type":"ListItem","position":2,"name":"Feedbacks zu den B\u00fcchern"}]}]}},"_links":{"self":[{"href":"https:\/\/institut33.at\/index.php?rest_route=\/wp\/v2\/pages\/181","targetHints":{"allow":["GET"]}}],"collection":[{"href":"https:\/\/institut33.at\/index.php?rest_route=\/wp\/v2\/pages"}],"about":[{"href":"https:\/\/institut33.at\/index.php?rest_route=\/wp\/v2\/types\/page"}],"author":[{"embeddable":true,"href":"https:\/\/institut33.at\/index.php?rest_route=\/wp\/v2\/users\/1"}],"replies":[{"embeddable":true,"href":"https:\/\/institut33.at\/index.php?rest_route=%2Fwp%2Fv2%2Fcomments&post=181"}],"version-history":[{"count":2,"href":"https:\/\/institut33.at\/index.php?rest_route=\/wp\/v2\/pages\/181\/revisions"}],"predecessor-version":[{"id":210,"href":"https:\/\/institut33.at\/index.php?rest_route=\/wp\/v2\/pages\/181\/revisions\/210"}],"wp:attachment":[{"href":"https:\/\/institut33.at\/index.php?rest_route=%2Fwp%2Fv2%2Fmedia&parent=181"}],"curies":[{"name":"wp","href":"https:\/\/api.w.org\/{rel}","templated":true}]}}